{"id":2993,"date":"2025-10-02T09:48:05","date_gmt":"2025-10-02T09:48:05","guid":{"rendered":"https:\/\/bebidasquinari.com.br\/?page_id=2993"},"modified":"2025-10-07T09:22:54","modified_gmt":"2025-10-07T09:22:54","slug":"dia-das-criancas","status":"publish","type":"page","link":"https:\/\/bebidasquinari.com.br\/es\/dia-das-criancas\/","title":{"rendered":"Dia das Crian\u00e7as"},"content":{"rendered":"<div data-elementor-type=\"wp-page\" data-elementor-id=\"2993\" class=\"elementor elementor-2993\">\n\t\t\t\t<div class=\"elementor-element elementor-element-16207eef e-flex e-con-boxed e-con e-parent\" data-id=\"16207eef\" data-element_type=\"container\" data-e-type=\"container\" id=\"campanha\" data-settings=\"{&quot;background_background&quot;:&quot;gradient&quot;}\">\n\t\t\t\t\t<div class=\"e-con-inner\">\n\t\t\t\t<div class=\"elementor-element elementor-element-bc515a7 elementor-widget elementor-widget-spacer\" data-id=\"bc515a7\" data-element_type=\"widget\" data-e-type=\"widget\" data-widget_type=\"spacer.default\">\n\t\t\t\t<div class=\"elementor-widget-container\">\n\t\t\t\t\t\t\t<div class=\"elementor-spacer\">\n\t\t\t<div class=\"elementor-spacer-inner\"><\/div>\n\t\t<\/div>\n\t\t\t\t\t\t<\/div>\n\t\t\t\t<\/div>\n\t\t\t\t<div class=\"elementor-element elementor-element-57ff2ae sorteio-title elementor-widget elementor-widget-heading\" data-id=\"57ff2ae\" data-element_type=\"widget\" data-e-type=\"widget\" data-widget_type=\"heading.default\">\n\t\t\t\t<div class=\"elementor-widget-container\">\n\t\t\t\t\t<h2 class=\"elementor-heading-title elementor-size-default\">Dia das Crian\u00e7as<\/h2>\t\t\t\t<\/div>\n\t\t\t\t<\/div>\n\t\t\t\t<div class=\"elementor-element elementor-element-195650e elementor-widget-mobile__width-initial elementor-invisible elementor-widget elementor-widget-shortcode\" data-id=\"195650e\" data-element_type=\"widget\" data-e-type=\"widget\" data-settings=\"{&quot;_animation&quot;:&quot;pulse&quot;}\" data-widget_type=\"shortcode.default\">\n\t\t\t\t<div class=\"elementor-widget-container\">\n\t\t\t\t\t\t\t<div class=\"elementor-shortcode\">        <div class=\"sorteio-wrapper\" data-campaign-id=\"1\">\r\n                            <div class=\"sorteio-qr-box\">\r\n                    <div class=\"sorteio-qr\">\r\n                        <div id=\"sorteio-qr-code\" data-url=\"https:\/\/bebidasquinari.com.br\/es\/wp-json\/wp\/v2\/pages\/2993?play=1\"><\/div>\r\n                    <\/div>\r\n                    <a href=\"https:\/\/bebidasquinari.com.br\/es\/wp-json\/wp\/v2\/pages\/2993?play=1\" class=\"link-camp\">Acessar Campanha<\/a>\r\n                <\/div>\r\n                    <\/div>\r\n        <\/div>\n\t\t\t\t\t\t<\/div>\n\t\t\t\t<\/div>\n\t\t\t\t\t<\/div>\n\t\t\t\t<\/div>\n\t\t<div class=\"elementor-element elementor-element-3d0bca2 e-flex e-con-boxed e-con e-parent\" data-id=\"3d0bca2\" data-element_type=\"container\" data-e-type=\"container\" id=\"regulamento\" data-settings=\"{&quot;background_background&quot;:&quot;classic&quot;}\">\n\t\t\t\t\t<div class=\"e-con-inner\">\n\t\t\t\t<div class=\"elementor-element elementor-element-9fe7b1c elementor-widget elementor-widget-heading\" data-id=\"9fe7b1c\" data-element_type=\"widget\" data-e-type=\"widget\" data-widget_type=\"heading.default\">\n\t\t\t\t<div class=\"elementor-widget-container\">\n\t\t\t\t\t<h2 class=\"elementor-heading-title elementor-size-default\">REGULAMENTO<\/h2>\t\t\t\t<\/div>\n\t\t\t\t<\/div>\n\t\t\t\t<div class=\"elementor-element elementor-element-0ec2354 elementor-widget elementor-widget-text-editor\" data-id=\"0ec2354\" data-element_type=\"widget\" data-e-type=\"widget\" data-widget_type=\"text-editor.default\">\n\t\t\t\t<div class=\"elementor-widget-container\">\n\t\t\t\t\t\t\t\t\t<p style=\"text-align: left;\" data-start=\"367\" data-end=\"619\"><strong data-start=\"367\" data-end=\"383\">1. Promo\u00e7\u00e3o: <\/strong>A promo\u00e7\u00e3o \u201cRoleta Premiada \u2013 Dia das Crian\u00e7as\u201d \u00e9 uma a\u00e7\u00e3o promocional realizada por <strong data-start=\"472\" data-end=\"491\">Bebidas Quinar\u00ed<\/strong>, v\u00e1lida exclusivamente no per\u00edodo de <strong data-start=\"531\" data-end=\"549\">11\/10\/2025 at\u00e9 12\/10\/2025<\/strong>, ou enquanto durarem os estoques de brindes.<\/p>\n<p data-start=\"621\" data-end=\"1140\"><strong data-start=\"621\" data-end=\"641\">2. Participa\u00e7\u00e3o: <\/strong>2.1. Poder\u00e3o participar da promo\u00e7\u00e3o todas as pessoas f\u00edsicas residentes no Brasil que comparecerem ao local do evento e realizarem o cadastro informando <strong data-start=\"797\" data-end=\"843\">nome completo, e-mail, CPF e telefone para contato<\/strong>.<br data-start=\"844\" data-end=\"847\">2.2. Cada CPF e n\u00famero de telefone ter\u00e3o direito a <strong data-start=\"898\" data-end=\"922\">uma (1) participa\u00e7\u00e3o<\/strong> na roleta durante todo o per\u00edodo da promo\u00e7\u00e3o. Caso caia em &#8220;Tentar Novamente&#8221;, o participante poder\u00e1 tentar ganhar um pr\u00eamio.<\/p>\n<p data-start=\"621\" data-end=\"1140\"><strong data-start=\"1142\" data-end=\"1170\">3. Mec\u00e2nica da Promo\u00e7\u00e3o: <\/strong>3.1. Ap\u00f3s o cadastro, o participante poder\u00e1 girar a roleta uma vez.<br data-start=\"1240\" data-end=\"1243\">3.2. A roleta cont\u00e9m diversos pr\u00eamios\/brindes definidos pela organiza\u00e7\u00e3o. O pr\u00eamio obtido ser\u00e1 aquele indicado pela seta no momento em que a roleta parar.<br data-start=\"1397\" data-end=\"1400\">3.3. Os pr\u00eamios s\u00e3o pessoais e intransfer\u00edveis, n\u00e3o sendo poss\u00edvel troc\u00e1-los por dinheiro, cr\u00e9dito, outros produtos ou benef\u00edcios.<\/p>\n<p data-start=\"1532\" data-end=\"1796\"><strong data-start=\"1532\" data-end=\"1565\">4. Controle de Participa\u00e7\u00f5es: <\/strong>4.1. O controle ser\u00e1 feito com base no <strong data-start=\"1607\" data-end=\"1625\">CPF e telefone<\/strong> informados no momento do cadastro.<br data-start=\"1660\" data-end=\"1663\">4.2. Em caso de tentativa de participa\u00e7\u00e3o duplicada com o mesmo CPF ou telefone, a nova participa\u00e7\u00e3o ser\u00e1 automaticamente invalidada.<\/p>\n<p data-start=\"1798\" data-end=\"2077\"><strong data-start=\"1798\" data-end=\"1825\">5. Entrega dos Pr\u00eamios: <\/strong>5.1. Os pr\u00eamios ser\u00e3o entregues imediatamente ap\u00f3s a participa\u00e7\u00e3o.<\/p>\n<p style=\"text-align: left;\" data-start=\"1798\" data-end=\"2077\"><strong data-start=\"2079\" data-end=\"2105\">6. Disposi\u00e7\u00f5es Gerais: <\/strong>6.1. A participa\u00e7\u00e3o nesta promo\u00e7\u00e3o implica total conhecimento e aceita\u00e7\u00e3o deste regulamento.<br data-start=\"2200\" data-end=\"2203\">6.2. A organiza\u00e7\u00e3o reserva-se o direito de alterar as condi\u00e7\u00f5es da promo\u00e7\u00e3o ou encerrar a a\u00e7\u00e3o a qualquer momento, mediante aviso ao p\u00fablico, caso ocorram motivos de for\u00e7a maior.<br data-start=\"2381\" data-end=\"2384\">6.3. Os dados coletados ser\u00e3o utilizados exclusivamente para controle da promo\u00e7\u00e3o e contato com o participante, respeitando as disposi\u00e7\u00f5es da Lei Geral de Prote\u00e7\u00e3o de Dados (Lei n\u00ba 13.709\/2018).<\/p>\t\t\t\t\t\t\t\t<\/div>\n\t\t\t\t<\/div>\n\t\t\t\t<div class=\"elementor-element elementor-element-ba79886 elementor-widget elementor-widget-button\" data-id=\"ba79886\" data-element_type=\"widget\" data-e-type=\"widget\" data-widget_type=\"button.default\">\n\t\t\t\t<div class=\"elementor-widget-container\">\n\t\t\t\t\t\t\t\t\t<div class=\"elementor-button-wrapper\">\n\t\t\t\t\t<a class=\"elementor-button elementor-button-link elementor-size-sm\" href=\"#campanha\">\n\t\t\t\t\t\t<span class=\"elementor-button-content-wrapper\">\n\t\t\t\t\t\t\t\t\t<span class=\"elementor-button-text\">Acessar campanha<\/span>\n\t\t\t\t\t<\/span>\n\t\t\t\t\t<\/a>\n\t\t\t\t<\/div>\n\t\t\t\t\t\t\t\t<\/div>\n\t\t\t\t<\/div>\n\t\t\t\t\t<\/div>\n\t\t\t\t<\/div>\n\t\t\t\t<\/div>","protected":false},"excerpt":{"rendered":"<p>Dia das Crian\u00e7as REGULAMENTO 1. Promo\u00e7\u00e3o: A promo\u00e7\u00e3o \u201cRoleta Premiada \u2013 Dia das Crian\u00e7as\u201d \u00e9 uma a\u00e7\u00e3o promocional realizada por Bebidas Quinar\u00ed, v\u00e1lida exclusivamente no per\u00edodo de 11\/10\/2025 at\u00e9 12\/10\/2025, ou enquanto durarem os estoques de brindes. 2. Participa\u00e7\u00e3o: 2.1. Poder\u00e3o participar da promo\u00e7\u00e3o todas as pessoas f\u00edsicas residentes no Brasil que comparecerem ao local [&hellip;]<\/p>\n","protected":false},"author":3,"featured_media":0,"parent":0,"menu_order":0,"comment_status":"closed","ping_status":"closed","template":"","meta":{"_acf_changed":false,"footnotes":""},"class_list":["post-2993","page","type-page","status-publish","hentry"],"acf":[],"_links":{"self":[{"href":"https:\/\/bebidasquinari.com.br\/es\/wp-json\/wp\/v2\/pages\/2993","targetHints":{"allow":["GET"]}}],"collection":[{"href":"https:\/\/bebidasquinari.com.br\/es\/wp-json\/wp\/v2\/pages"}],"about":[{"href":"https:\/\/bebidasquinari.com.br\/es\/wp-json\/wp\/v2\/types\/page"}],"author":[{"embeddable":true,"href":"https:\/\/bebidasquinari.com.br\/es\/wp-json\/wp\/v2\/users\/3"}],"replies":[{"embeddable":true,"href":"https:\/\/bebidasquinari.com.br\/es\/wp-json\/wp\/v2\/comments?post=2993"}],"version-history":[{"count":164,"href":"https:\/\/bebidasquinari.com.br\/es\/wp-json\/wp\/v2\/pages\/2993\/revisions"}],"predecessor-version":[{"id":3188,"href":"https:\/\/bebidasquinari.com.br\/es\/wp-json\/wp\/v2\/pages\/2993\/revisions\/3188"}],"wp:attachment":[{"href":"https:\/\/bebidasquinari.com.br\/es\/wp-json\/wp\/v2\/media?parent=2993"}],"curies":[{"name":"wp","href":"https:\/\/api.w.org\/{rel}","templated":true}]}}