{"id":550,"date":"2025-01-23T18:56:37","date_gmt":"2025-01-23T18:56:37","guid":{"rendered":"https:\/\/quinari.wordpressprofissional.com.br\/?page_id=550"},"modified":"2025-05-12T14:13:11","modified_gmt":"2025-05-12T14:13:11","slug":"campanha-vencedor-vendedor","status":"publish","type":"page","link":"https:\/\/bebidasquinari.com.br\/es\/campanha-vencedor-vendedor\/","title":{"rendered":"CAMPANHA VENCEDOR VENDEDOR"},"content":{"rendered":"<div data-elementor-type=\"wp-page\" data-elementor-id=\"550\" class=\"elementor elementor-550\">\n\t\t\t\t<div class=\"elementor-element elementor-element-54fc582 e-flex e-con-boxed e-con e-parent\" data-id=\"54fc582\" data-element_type=\"container\" data-e-type=\"container\" data-settings=\"{&quot;background_background&quot;:&quot;classic&quot;}\">\n\t\t\t\t\t<div class=\"e-con-inner\">\n\t\t\t\t<div class=\"elementor-element elementor-element-51e3ba9 elementor-widget elementor-widget-heading\" data-id=\"51e3ba9\" data-element_type=\"widget\" data-e-type=\"widget\" data-widget_type=\"heading.default\">\n\t\t\t\t<div class=\"elementor-widget-container\">\n\t\t\t\t\t<h2 class=\"elementor-heading-title elementor-size-default\">Campa\u00f1a Vencedor Vendedor<\/h2>\t\t\t\t<\/div>\n\t\t\t\t<\/div>\n\t\t\t\t<div class=\"elementor-element elementor-element-f9a0100 elementor-widget elementor-widget-heading\" data-id=\"f9a0100\" data-element_type=\"widget\" data-e-type=\"widget\" data-widget_type=\"heading.default\">\n\t\t\t\t<div class=\"elementor-widget-container\">\n\t\t\t\t\t<span class=\"elementor-heading-title elementor-size-default\">T\u00fa, que eres un colaborador Quinari,<br>\ncompleta el formulario a continuaci\u00f3n para registrar tu recomendaci\u00f3n.<\/span>\t\t\t\t<\/div>\n\t\t\t\t<\/div>\n\t\t\t\t\t<\/div>\n\t\t\t\t<\/div>\n\t\t<div class=\"elementor-element elementor-element-81060c5 e-flex e-con-boxed e-con e-parent\" data-id=\"81060c5\" data-element_type=\"container\" data-e-type=\"container\">\n\t\t\t\t\t<div class=\"e-con-inner\">\n\t\t\t\t<div class=\"elementor-element elementor-element-bdb50a8 elementor-widget elementor-widget-heading\" data-id=\"bdb50a8\" data-element_type=\"widget\" data-e-type=\"widget\" data-widget_type=\"heading.default\">\n\t\t\t\t<div class=\"elementor-widget-container\">\n\t\t\t\t\t<h2 class=\"elementor-heading-title elementor-size-default\">Indica un establecimiento<\/h2>\t\t\t\t<\/div>\n\t\t\t\t<\/div>\n\t\t\t\t<div class=\"elementor-element elementor-element-c9eb337 elementor-widget elementor-widget-bloco_form_trello\" data-id=\"c9eb337\" data-element_type=\"widget\" data-e-type=\"widget\" data-widget_type=\"bloco_form_trello.default\">\n\t\t\t\t<div class=\"elementor-widget-container\">\n\t\t\t\t\t        <style>\n            .iptpass {\n                width: 100%;\n                padding: 10px;\n                margin: 5px 0;\n                border: 1px solid #ccc;\n                border-radius: 5px;\n            }\n            .toggle-btn-iptpass {\n                background: none;\n                border: none;\n                cursor: pointer;\n                font-size: 22px;\n                position: absolute;\n                right: 15px;\n                top: 15px;\n            }\n            .sendiptpass{\n                width: 100%;\n                margin: 10px 0;\n                padding: 10px;\n                border-radius: 5px;\n                border: solid 1px #056340;\n                background-color: #056340;\n                color: #fff;\n                font-weight: 500;\n                cursor: pointer;\n            }\n        <\/style>\n        <div id=\"formSenhaopt\" class=\"container\">\n            <h2>Ingresa la contrase\u00f1a<\/h2>\n\n            <form method=\"POST\" onsubmit=\"ocultarFormulario()\" action=\"\">\n                <div style=\"position: relative;\">\n                    <input class=\"iptpass\" type=\"password\" name=\"senha\" id=\"senha\" required>\n                    <button type=\"button\" class=\"toggle-btn-iptpass\" onclick=\"toggleSenha()\">\ud83d\udc41\ufe0f<\/button>\n                <\/div>\n                <br>\n                <button class=\"sendiptpass\" type=\"submit\">Entrar<\/button>\n            <input type=\"hidden\" name=\"trp-form-language\" value=\"es\"\/><\/form>\n                    <\/div>\n\n        \n        <script>\n            function toggleSenha() {\n                var campoSenha = document.getElementById(\"senha\");\n                campoSenha.type = (campoSenha.type === \"password\") ? \"text\" : \"password\";\n            }\n\n            \/\/ Oculta o formul\u00e1rio ao submeter com sucesso\n            function ocultarFormulario() {\n                window.onload = function () {\n                    setTimeout(function () {\n                        document.getElementById(\"formSenhaopt\").style.display = \"none\";\n                    }, 1000); \/\/ 1000ms = 1 segundo\n                };\n            }\n        <\/script>\n        \t\t\t\t<\/div>\n\t\t\t\t<\/div>\n\t\t\t\t\t<\/div>\n\t\t\t\t<\/div>\n\t\t\t\t<\/div>","protected":false},"excerpt":{"rendered":"<p>Campanha Vencedor Vendedor Voc\u00ea que \u00e9 um colaborador Quinari, preencha o formul\u00e1rio abaixo para cadastrar sua indica\u00e7\u00e3o. Indique um estabelecimento<\/p>","protected":false},"author":1,"featured_media":0,"parent":0,"menu_order":0,"comment_status":"closed","ping_status":"closed","template":"","meta":{"_acf_changed":false,"footnotes":""},"class_list":["post-550","page","type-page","status-publish","hentry"],"acf":[],"_links":{"self":[{"href":"https:\/\/bebidasquinari.com.br\/es\/wp-json\/wp\/v2\/pages\/550","targetHints":{"allow":["GET"]}}],"collection":[{"href":"https:\/\/bebidasquinari.com.br\/es\/wp-json\/wp\/v2\/pages"}],"about":[{"href":"https:\/\/bebidasquinari.com.br\/es\/wp-json\/wp\/v2\/types\/page"}],"author":[{"embeddable":true,"href":"https:\/\/bebidasquinari.com.br\/es\/wp-json\/wp\/v2\/users\/1"}],"replies":[{"embeddable":true,"href":"https:\/\/bebidasquinari.com.br\/es\/wp-json\/wp\/v2\/comments?post=550"}],"version-history":[{"count":108,"href":"https:\/\/bebidasquinari.com.br\/es\/wp-json\/wp\/v2\/pages\/550\/revisions"}],"predecessor-version":[{"id":1122,"href":"https:\/\/bebidasquinari.com.br\/es\/wp-json\/wp\/v2\/pages\/550\/revisions\/1122"}],"wp:attachment":[{"href":"https:\/\/bebidasquinari.com.br\/es\/wp-json\/wp\/v2\/media?parent=550"}],"curies":[{"name":"wp","href":"https:\/\/api.w.org\/{rel}","templated":true}]}}