{"id":589,"date":"2025-01-23T20:33:57","date_gmt":"2025-01-23T20:33:57","guid":{"rendered":"https:\/\/quinari.wordpressprofissional.com.br\/?page_id=589"},"modified":"2025-01-28T17:12:51","modified_gmt":"2025-01-28T17:12:51","slug":"produtos-parceiros","status":"publish","type":"page","link":"https:\/\/bebidasquinari.com.br\/es\/produtos-parceiros\/","title":{"rendered":"PRODUCTOS ASOCIADOS"},"content":{"rendered":"<div data-elementor-type=\"wp-page\" data-elementor-id=\"589\" class=\"elementor elementor-589\">\n\t\t\t\t<div class=\"elementor-element elementor-element-0f54933 e-con-full e-flex e-con e-parent\" data-id=\"0f54933\" data-element_type=\"container\" data-e-type=\"container\">\n\t\t<div class=\"elementor-element elementor-element-d087058 e-con-full e-flex e-con e-child\" data-id=\"d087058\" data-element_type=\"container\" data-e-type=\"container\">\n\t\t\t\t<div class=\"elementor-element elementor-element-01e4637 imagehover elementor-widget elementor-widget-image\" data-id=\"01e4637\" data-element_type=\"widget\" data-e-type=\"widget\" data-settings=\"{&quot;_animation&quot;:&quot;none&quot;}\" data-widget_type=\"image.default\">\n\t\t\t\t<div class=\"elementor-widget-container\">\n\t\t\t\t\t\t\t\t\t\t\t\t\t\t\t<img fetchpriority=\"high\" decoding=\"async\" width=\"806\" height=\"611\" src=\"https:\/\/bebidasquinari.com.br\/wp-content\/uploads\/2025\/01\/leonoff.webp\" class=\"attachment-full size-full wp-image-597\" alt=\"\" srcset=\"https:\/\/bebidasquinari.com.br\/wp-content\/uploads\/2025\/01\/leonoff.webp 806w, https:\/\/bebidasquinari.com.br\/wp-content\/uploads\/2025\/01\/leonoff-300x227.webp 300w, https:\/\/bebidasquinari.com.br\/wp-content\/uploads\/2025\/01\/leonoff-768x582.webp 768w\" sizes=\"(max-width: 806px) 100vw, 806px\" \/>\t\t\t\t\t\t\t\t\t\t\t\t\t\t\t<\/div>\n\t\t\t\t<\/div>\n\t\t\t\t<\/div>\n\t\t<div class=\"elementor-element elementor-element-f0eec1c e-con-full e-flex e-con e-child\" data-id=\"f0eec1c\" data-element_type=\"container\" data-e-type=\"container\">\n\t\t\t\t<div class=\"elementor-element elementor-element-4cfe918 elementor-widget elementor-widget-heading\" data-id=\"4cfe918\" data-element_type=\"widget\" data-e-type=\"widget\" data-widget_type=\"heading.default\">\n\t\t\t\t<div class=\"elementor-widget-container\">\n\t\t\t\t\t<h2 class=\"elementor-heading-title elementor-size-default\">Vodka Leonoff<\/h2>\t\t\t\t<\/div>\n\t\t\t\t<\/div>\n\t\t\t\t<div class=\"elementor-element elementor-element-82b870d elementor-widget elementor-widget-text-editor\" data-id=\"82b870d\" data-element_type=\"widget\" data-e-type=\"widget\" data-widget_type=\"text-editor.default\">\n\t\t\t\t<div class=\"elementor-widget-container\">\n\t\t\t\t\t\t\t\t\t<p>Graduaci\u00f3n alcoh\u00f3lica 37.5%<br \/>Contiene 6 unidades de 910 ml<br \/>Vodka nacional<\/p>\t\t\t\t\t\t\t\t<\/div>\n\t\t\t\t<\/div>\n\t\t\t\t<\/div>\n\t\t\t\t<\/div>\n\t\t<div class=\"elementor-element elementor-element-dfeb651 e-con-full e-flex e-con e-parent\" data-id=\"dfeb651\" data-element_type=\"container\" data-e-type=\"container\">\n\t\t<div class=\"elementor-element elementor-element-90d70f5 e-con-full e-flex e-con e-child\" data-id=\"90d70f5\" data-element_type=\"container\" data-e-type=\"container\">\n\t\t\t\t<div class=\"elementor-element elementor-element-de0e4e8 elementor-widget elementor-widget-heading\" data-id=\"de0e4e8\" data-element_type=\"widget\" data-e-type=\"widget\" data-widget_type=\"heading.default\">\n\t\t\t\t<div class=\"elementor-widget-container\">\n\t\t\t\t\t<h2 class=\"elementor-heading-title elementor-size-default\">Vodka Skarloff<\/h2>\t\t\t\t<\/div>\n\t\t\t\t<\/div>\n\t\t\t\t<div class=\"elementor-element elementor-element-5e10102 elementor-widget elementor-widget-text-editor\" data-id=\"5e10102\" data-element_type=\"widget\" data-e-type=\"widget\" data-widget_type=\"text-editor.default\">\n\t\t\t\t<div class=\"elementor-widget-container\">\n\t\t\t\t\t\t\t\t\t<p>Graduaci\u00f3n alcoh\u00f3lica 38%<br \/>Contiene 6 unidades de 965ml<\/p>\t\t\t\t\t\t\t\t<\/div>\n\t\t\t\t<\/div>\n\t\t\t\t<\/div>\n\t\t<div class=\"elementor-element elementor-element-30e3407 e-con-full e-flex e-con e-child\" data-id=\"30e3407\" data-element_type=\"container\" data-e-type=\"container\">\n\t\t\t\t<div class=\"elementor-element elementor-element-0e339fc imagehover elementor-widget elementor-widget-image\" data-id=\"0e339fc\" data-element_type=\"widget\" data-e-type=\"widget\" data-settings=\"{&quot;_animation&quot;:&quot;none&quot;}\" data-widget_type=\"image.default\">\n\t\t\t\t<div class=\"elementor-widget-container\">\n\t\t\t\t\t\t\t\t\t\t\t\t\t\t\t<img decoding=\"async\" width=\"806\" height=\"611\" src=\"https:\/\/bebidasquinari.com.br\/wp-content\/uploads\/2025\/01\/skarloff.webp\" class=\"attachment-large size-large wp-image-598\" alt=\"\" srcset=\"https:\/\/bebidasquinari.com.br\/wp-content\/uploads\/2025\/01\/skarloff.webp 806w, https:\/\/bebidasquinari.com.br\/wp-content\/uploads\/2025\/01\/skarloff-300x227.webp 300w, https:\/\/bebidasquinari.com.br\/wp-content\/uploads\/2025\/01\/skarloff-768x582.webp 768w\" sizes=\"(max-width: 806px) 100vw, 806px\" \/>\t\t\t\t\t\t\t\t\t\t\t\t\t\t\t<\/div>\n\t\t\t\t<\/div>\n\t\t\t\t<\/div>\n\t\t\t\t<\/div>\n\t\t<div class=\"elementor-element elementor-element-7a58a35 e-con-full e-flex e-con e-parent\" data-id=\"7a58a35\" data-element_type=\"container\" data-e-type=\"container\">\n\t\t<div class=\"elementor-element elementor-element-b073c62 e-con-full e-flex e-con e-child\" data-id=\"b073c62\" data-element_type=\"container\" data-e-type=\"container\">\n\t\t\t\t<div class=\"elementor-element elementor-element-7d0e576 imagehover elementor-widget elementor-widget-image\" data-id=\"7d0e576\" data-element_type=\"widget\" data-e-type=\"widget\" data-settings=\"{&quot;_animation&quot;:&quot;none&quot;}\" data-widget_type=\"image.default\">\n\t\t\t\t<div class=\"elementor-widget-container\">\n\t\t\t\t\t\t\t\t\t\t\t\t\t\t\t<img decoding=\"async\" width=\"806\" height=\"611\" src=\"https:\/\/bebidasquinari.com.br\/wp-content\/uploads\/2025\/01\/skarloff-ice.webp\" class=\"attachment-large size-large wp-image-599\" alt=\"\" srcset=\"https:\/\/bebidasquinari.com.br\/wp-content\/uploads\/2025\/01\/skarloff-ice.webp 806w, https:\/\/bebidasquinari.com.br\/wp-content\/uploads\/2025\/01\/skarloff-ice-300x227.webp 300w, https:\/\/bebidasquinari.com.br\/wp-content\/uploads\/2025\/01\/skarloff-ice-768x582.webp 768w\" sizes=\"(max-width: 806px) 100vw, 806px\" \/>\t\t\t\t\t\t\t\t\t\t\t\t\t\t\t<\/div>\n\t\t\t\t<\/div>\n\t\t\t\t<\/div>\n\t\t<div class=\"elementor-element elementor-element-890ee28 e-con-full e-flex e-con e-child\" data-id=\"890ee28\" data-element_type=\"container\" data-e-type=\"container\">\n\t\t\t\t<div class=\"elementor-element elementor-element-883320f elementor-widget elementor-widget-heading\" data-id=\"883320f\" data-element_type=\"widget\" data-e-type=\"widget\" data-widget_type=\"heading.default\">\n\t\t\t\t<div class=\"elementor-widget-container\">\n\t\t\t\t\t<h2 class=\"elementor-heading-title elementor-size-default\">Skarloff Ice<\/h2>\t\t\t\t<\/div>\n\t\t\t\t<\/div>\n\t\t\t\t<div class=\"elementor-element elementor-element-cdc4af9 elementor-widget elementor-widget-text-editor\" data-id=\"cdc4af9\" data-element_type=\"widget\" data-e-type=\"widget\" data-widget_type=\"text-editor.default\">\n\t\t\t\t<div class=\"elementor-widget-container\">\n\t\t\t\t\t\t\t\t\t<p>Graduaci\u00f3n alcoh\u00f3lica 5,5%<br \/>Contiene 6 unidades de 275ml<\/p>\t\t\t\t\t\t\t\t<\/div>\n\t\t\t\t<\/div>\n\t\t\t\t<\/div>\n\t\t\t\t<\/div>\n\t\t<div class=\"elementor-element elementor-element-d320ffc e-con-full e-flex e-con e-parent\" data-id=\"d320ffc\" data-element_type=\"container\" data-e-type=\"container\">\n\t\t<div class=\"elementor-element elementor-element-9268878 e-con-full e-flex e-con e-child\" data-id=\"9268878\" data-element_type=\"container\" data-e-type=\"container\">\n\t\t\t\t<div class=\"elementor-element elementor-element-d3823a4 elementor-widget elementor-widget-heading\" data-id=\"d3823a4\" data-element_type=\"widget\" data-e-type=\"widget\" data-widget_type=\"heading.default\">\n\t\t\t\t<div class=\"elementor-widget-container\">\n\t\t\t\t\t<h2 class=\"elementor-heading-title elementor-size-default\">Cabar\u00e9 Ice<\/h2>\t\t\t\t<\/div>\n\t\t\t\t<\/div>\n\t\t\t\t<div class=\"elementor-element elementor-element-0acf029 elementor-widget elementor-widget-text-editor\" data-id=\"0acf029\" data-element_type=\"widget\" data-e-type=\"widget\" data-widget_type=\"text-editor.default\">\n\t\t\t\t<div class=\"elementor-widget-container\">\n\t\t\t\t\t\t\t\t\t<p>Graduaci\u00f3n alcoh\u00f3lica 5%<br \/>Contiene 6 unidades de 275ml<\/p>\t\t\t\t\t\t\t\t<\/div>\n\t\t\t\t<\/div>\n\t\t\t\t<\/div>\n\t\t<div class=\"elementor-element elementor-element-37b7723 e-con-full e-flex e-con e-child\" data-id=\"37b7723\" data-element_type=\"container\" data-e-type=\"container\">\n\t\t\t\t<div class=\"elementor-element elementor-element-6723b50 imagehover elementor-widget elementor-widget-image\" data-id=\"6723b50\" data-element_type=\"widget\" data-e-type=\"widget\" data-settings=\"{&quot;_animation&quot;:&quot;none&quot;}\" data-widget_type=\"image.default\">\n\t\t\t\t<div class=\"elementor-widget-container\">\n\t\t\t\t\t\t\t\t\t\t\t\t\t\t\t<img loading=\"lazy\" decoding=\"async\" width=\"806\" height=\"611\" src=\"https:\/\/bebidasquinari.com.br\/wp-content\/uploads\/2025\/01\/cabare.webp\" class=\"attachment-large size-large wp-image-592\" alt=\"\" srcset=\"https:\/\/bebidasquinari.com.br\/wp-content\/uploads\/2025\/01\/cabare.webp 806w, https:\/\/bebidasquinari.com.br\/wp-content\/uploads\/2025\/01\/cabare-300x227.webp 300w, https:\/\/bebidasquinari.com.br\/wp-content\/uploads\/2025\/01\/cabare-768x582.webp 768w\" sizes=\"(max-width: 806px) 100vw, 806px\" \/>\t\t\t\t\t\t\t\t\t\t\t\t\t\t\t<\/div>\n\t\t\t\t<\/div>\n\t\t\t\t<\/div>\n\t\t\t\t<\/div>\n\t\t<div class=\"elementor-element elementor-element-999cfe3 e-con-full e-flex e-con e-parent\" data-id=\"999cfe3\" data-element_type=\"container\" data-e-type=\"container\">\n\t\t<div class=\"elementor-element elementor-element-993ebe4 e-con-full e-flex e-con e-child\" data-id=\"993ebe4\" data-element_type=\"container\" data-e-type=\"container\">\n\t\t\t\t<div class=\"elementor-element elementor-element-b98fa77 imagehover elementor-widget elementor-widget-image\" data-id=\"b98fa77\" data-element_type=\"widget\" data-e-type=\"widget\" data-settings=\"{&quot;_animation&quot;:&quot;none&quot;}\" data-widget_type=\"image.default\">\n\t\t\t\t<div class=\"elementor-widget-container\">\n\t\t\t\t\t\t\t\t\t\t\t\t\t\t\t<img loading=\"lazy\" decoding=\"async\" width=\"806\" height=\"611\" src=\"https:\/\/bebidasquinari.com.br\/wp-content\/uploads\/2025\/01\/61.webp\" class=\"attachment-large size-large wp-image-591\" alt=\"\" srcset=\"https:\/\/bebidasquinari.com.br\/wp-content\/uploads\/2025\/01\/61.webp 806w, https:\/\/bebidasquinari.com.br\/wp-content\/uploads\/2025\/01\/61-300x227.webp 300w, https:\/\/bebidasquinari.com.br\/wp-content\/uploads\/2025\/01\/61-768x582.webp 768w\" sizes=\"(max-width: 806px) 100vw, 806px\" \/>\t\t\t\t\t\t\t\t\t\t\t\t\t\t\t<\/div>\n\t\t\t\t<\/div>\n\t\t\t\t<\/div>\n\t\t<div class=\"elementor-element elementor-element-92c5d76 e-con-full e-flex e-con e-child\" data-id=\"92c5d76\" data-element_type=\"container\" data-e-type=\"container\">\n\t\t\t\t<div class=\"elementor-element elementor-element-d88ac3e elementor-widget elementor-widget-heading\" data-id=\"d88ac3e\" data-element_type=\"widget\" data-e-type=\"widget\" data-widget_type=\"heading.default\">\n\t\t\t\t<div class=\"elementor-widget-container\">\n\t\t\t\t\t<h2 class=\"elementor-heading-title elementor-size-default\">Cacha\u00e7a 61\u200b<\/h2>\t\t\t\t<\/div>\n\t\t\t\t<\/div>\n\t\t\t\t<div class=\"elementor-element elementor-element-c900750 elementor-widget elementor-widget-text-editor\" data-id=\"c900750\" data-element_type=\"widget\" data-e-type=\"widget\" data-widget_type=\"text-editor.default\">\n\t\t\t\t<div class=\"elementor-widget-container\">\n\t\t\t\t\t\t\t\t\t<p>Graduaci\u00f3n alcoh\u00f3lica 39%<br \/>Contiene 12 unidades de 600ml<\/p>\t\t\t\t\t\t\t\t<\/div>\n\t\t\t\t<\/div>\n\t\t\t\t<\/div>\n\t\t\t\t<\/div>\n\t\t<div class=\"elementor-element elementor-element-945069f e-con-full e-flex e-con e-parent\" data-id=\"945069f\" data-element_type=\"container\" data-e-type=\"container\">\n\t\t<div class=\"elementor-element elementor-element-a07c776 e-con-full e-flex e-con e-child\" data-id=\"a07c776\" data-element_type=\"container\" data-e-type=\"container\">\n\t\t\t\t<div class=\"elementor-element elementor-element-abe7c02 elementor-widget elementor-widget-heading\" data-id=\"abe7c02\" data-element_type=\"widget\" data-e-type=\"widget\" data-widget_type=\"heading.default\">\n\t\t\t\t<div class=\"elementor-widget-container\">\n\t\t\t\t\t<h2 class=\"elementor-heading-title elementor-size-default\">Cacha\u00e7a Camelinho\u200b<\/h2>\t\t\t\t<\/div>\n\t\t\t\t<\/div>\n\t\t\t\t<div class=\"elementor-element elementor-element-a5dc935 elementor-widget elementor-widget-text-editor\" data-id=\"a5dc935\" data-element_type=\"widget\" data-e-type=\"widget\" data-widget_type=\"text-editor.default\">\n\t\t\t\t<div class=\"elementor-widget-container\">\n\t\t\t\t\t\t\t\t\t<p>Graduaci\u00f3n alcoh\u00f3lica 39%<br \/>Contiene 12 unidades de 500ml<\/p>\t\t\t\t\t\t\t\t<\/div>\n\t\t\t\t<\/div>\n\t\t\t\t<\/div>\n\t\t<div class=\"elementor-element elementor-element-0c8e25f e-con-full e-flex e-con e-child\" data-id=\"0c8e25f\" data-element_type=\"container\" data-e-type=\"container\">\n\t\t\t\t<div class=\"elementor-element elementor-element-1fec9f0 imagehover elementor-widget elementor-widget-image\" data-id=\"1fec9f0\" data-element_type=\"widget\" data-e-type=\"widget\" data-settings=\"{&quot;_animation&quot;:&quot;none&quot;}\" data-widget_type=\"image.default\">\n\t\t\t\t<div class=\"elementor-widget-container\">\n\t\t\t\t\t\t\t\t\t\t\t\t\t\t\t<img loading=\"lazy\" decoding=\"async\" width=\"806\" height=\"611\" src=\"https:\/\/bebidasquinari.com.br\/wp-content\/uploads\/2025\/01\/camelinho.webp\" class=\"attachment-large size-large wp-image-593\" alt=\"\" srcset=\"https:\/\/bebidasquinari.com.br\/wp-content\/uploads\/2025\/01\/camelinho.webp 806w, https:\/\/bebidasquinari.com.br\/wp-content\/uploads\/2025\/01\/camelinho-300x227.webp 300w, https:\/\/bebidasquinari.com.br\/wp-content\/uploads\/2025\/01\/camelinho-768x582.webp 768w\" sizes=\"(max-width: 806px) 100vw, 806px\" \/>\t\t\t\t\t\t\t\t\t\t\t\t\t\t\t<\/div>\n\t\t\t\t<\/div>\n\t\t\t\t<\/div>\n\t\t\t\t<\/div>\n\t\t<div class=\"elementor-element elementor-element-9aac39b e-con-full e-flex e-con e-parent\" data-id=\"9aac39b\" data-element_type=\"container\" data-e-type=\"container\">\n\t\t<div class=\"elementor-element elementor-element-8f5b7c5 e-con-full e-flex e-con e-child\" data-id=\"8f5b7c5\" data-element_type=\"container\" data-e-type=\"container\">\n\t\t\t\t<div class=\"elementor-element elementor-element-30b9864 imagehover elementor-widget elementor-widget-image\" data-id=\"30b9864\" data-element_type=\"widget\" data-e-type=\"widget\" data-settings=\"{&quot;_animation&quot;:&quot;none&quot;}\" data-widget_type=\"image.default\">\n\t\t\t\t<div class=\"elementor-widget-container\">\n\t\t\t\t\t\t\t\t\t\t\t\t\t\t\t<img loading=\"lazy\" decoding=\"async\" width=\"806\" height=\"611\" src=\"https:\/\/bebidasquinari.com.br\/wp-content\/uploads\/2025\/01\/corote.webp\" class=\"attachment-large size-large wp-image-594\" alt=\"\" srcset=\"https:\/\/bebidasquinari.com.br\/wp-content\/uploads\/2025\/01\/corote.webp 806w, https:\/\/bebidasquinari.com.br\/wp-content\/uploads\/2025\/01\/corote-300x227.webp 300w, https:\/\/bebidasquinari.com.br\/wp-content\/uploads\/2025\/01\/corote-768x582.webp 768w\" sizes=\"(max-width: 806px) 100vw, 806px\" \/>\t\t\t\t\t\t\t\t\t\t\t\t\t\t\t<\/div>\n\t\t\t\t<\/div>\n\t\t\t\t<\/div>\n\t\t<div class=\"elementor-element elementor-element-a70db03 e-con-full e-flex e-con e-child\" data-id=\"a70db03\" data-element_type=\"container\" data-e-type=\"container\">\n\t\t\t\t<div class=\"elementor-element elementor-element-1199b50 elementor-widget elementor-widget-heading\" data-id=\"1199b50\" data-element_type=\"widget\" data-e-type=\"widget\" data-widget_type=\"heading.default\">\n\t\t\t\t<div class=\"elementor-widget-container\">\n\t\t\t\t\t<h2 class=\"elementor-heading-title elementor-size-default\">Corote<\/h2>\t\t\t\t<\/div>\n\t\t\t\t<\/div>\n\t\t\t\t<div class=\"elementor-element elementor-element-0e0b697 elementor-widget elementor-widget-text-editor\" data-id=\"0e0b697\" data-element_type=\"widget\" data-e-type=\"widget\" data-widget_type=\"text-editor.default\">\n\t\t\t\t<div class=\"elementor-widget-container\">\n\t\t\t\t\t\t\t\t\t<p>Graduaci\u00f3n alcoh\u00f3lica 39%<br \/>Contiene 12 unidades de 500ml<\/p>\t\t\t\t\t\t\t\t<\/div>\n\t\t\t\t<\/div>\n\t\t\t\t<\/div>\n\t\t\t\t<\/div>\n\t\t<div class=\"elementor-element elementor-element-3486439 e-con-full e-flex e-con e-parent\" data-id=\"3486439\" data-element_type=\"container\" data-e-type=\"container\">\n\t\t<div class=\"elementor-element elementor-element-f53db94 e-con-full e-flex e-con e-child\" data-id=\"f53db94\" data-element_type=\"container\" data-e-type=\"container\">\n\t\t\t\t<div class=\"elementor-element elementor-element-b84e73e elementor-widget elementor-widget-heading\" data-id=\"b84e73e\" data-element_type=\"widget\" data-e-type=\"widget\" data-widget_type=\"heading.default\">\n\t\t\t\t<div class=\"elementor-widget-container\">\n\t\t\t\t\t<h2 class=\"elementor-heading-title elementor-size-default\">Sabores de Corote<\/h2>\t\t\t\t<\/div>\n\t\t\t\t<\/div>\n\t\t\t\t<div class=\"elementor-element elementor-element-7ad3a66 elementor-widget elementor-widget-text-editor\" data-id=\"7ad3a66\" data-element_type=\"widget\" data-e-type=\"widget\" data-widget_type=\"text-editor.default\">\n\t\t\t\t<div class=\"elementor-widget-container\">\n\t\t\t\t\t\t\t\t\t<p>Graduaci\u00f3n alcoh\u00f3lica 13,5%<br \/>Contiene 12 unidades de 500ml<\/p>\t\t\t\t\t\t\t\t<\/div>\n\t\t\t\t<\/div>\n\t\t\t\t<\/div>\n\t\t<div class=\"elementor-element elementor-element-ea1bb49 e-con-full e-flex e-con e-child\" data-id=\"ea1bb49\" data-element_type=\"container\" data-e-type=\"container\">\n\t\t\t\t<div class=\"elementor-element elementor-element-bdfad0c imagehover elementor-widget elementor-widget-image\" data-id=\"bdfad0c\" data-element_type=\"widget\" data-e-type=\"widget\" data-settings=\"{&quot;_animation&quot;:&quot;none&quot;}\" data-widget_type=\"image.default\">\n\t\t\t\t<div class=\"elementor-widget-container\">\n\t\t\t\t\t\t\t\t\t\t\t\t\t\t\t<img loading=\"lazy\" decoding=\"async\" width=\"806\" height=\"611\" src=\"https:\/\/bebidasquinari.com.br\/wp-content\/uploads\/2025\/01\/corote-sabores.webp\" class=\"attachment-large size-large wp-image-596\" alt=\"\" srcset=\"https:\/\/bebidasquinari.com.br\/wp-content\/uploads\/2025\/01\/corote-sabores.webp 806w, https:\/\/bebidasquinari.com.br\/wp-content\/uploads\/2025\/01\/corote-sabores-300x227.webp 300w, https:\/\/bebidasquinari.com.br\/wp-content\/uploads\/2025\/01\/corote-sabores-768x582.webp 768w\" sizes=\"(max-width: 806px) 100vw, 806px\" \/>\t\t\t\t\t\t\t\t\t\t\t\t\t\t\t<\/div>\n\t\t\t\t<\/div>\n\t\t\t\t<\/div>\n\t\t\t\t<\/div>\n\t\t<div class=\"elementor-element elementor-element-7e5e7e1 e-con-full e-flex e-con e-parent\" data-id=\"7e5e7e1\" data-element_type=\"container\" data-e-type=\"container\">\n\t\t<div class=\"elementor-element elementor-element-d631a1f e-con-full e-flex e-con e-child\" data-id=\"d631a1f\" data-element_type=\"container\" data-e-type=\"container\">\n\t\t\t\t<div class=\"elementor-element elementor-element-3703413 imagehover elementor-widget elementor-widget-image\" data-id=\"3703413\" data-element_type=\"widget\" data-e-type=\"widget\" data-settings=\"{&quot;_animation&quot;:&quot;none&quot;}\" data-widget_type=\"image.default\">\n\t\t\t\t<div class=\"elementor-widget-container\">\n\t\t\t\t\t\t\t\t\t\t\t\t\t\t\t<img loading=\"lazy\" decoding=\"async\" width=\"806\" height=\"611\" src=\"https:\/\/bebidasquinari.com.br\/wp-content\/uploads\/2025\/01\/corote2.webp\" class=\"attachment-large size-large wp-image-595\" alt=\"\" srcset=\"https:\/\/bebidasquinari.com.br\/wp-content\/uploads\/2025\/01\/corote2.webp 806w, https:\/\/bebidasquinari.com.br\/wp-content\/uploads\/2025\/01\/corote2-300x227.webp 300w, https:\/\/bebidasquinari.com.br\/wp-content\/uploads\/2025\/01\/corote2-768x582.webp 768w\" sizes=\"(max-width: 806px) 100vw, 806px\" \/>\t\t\t\t\t\t\t\t\t\t\t\t\t\t\t<\/div>\n\t\t\t\t<\/div>\n\t\t\t\t<\/div>\n\t\t<div class=\"elementor-element elementor-element-e3943c0 e-con-full e-flex e-con e-child\" data-id=\"e3943c0\" data-element_type=\"container\" data-e-type=\"container\">\n\t\t\t\t<div class=\"elementor-element elementor-element-ea6ca47 elementor-widget elementor-widget-heading\" data-id=\"ea6ca47\" data-element_type=\"widget\" data-e-type=\"widget\" data-widget_type=\"heading.default\">\n\t\t\t\t<div class=\"elementor-widget-container\">\n\t\t\t\t\t<h2 class=\"elementor-heading-title elementor-size-default\">Catuaba Felina\u200b<\/h2>\t\t\t\t<\/div>\n\t\t\t\t<\/div>\n\t\t\t\t<div class=\"elementor-element elementor-element-6d0978c elementor-widget elementor-widget-text-editor\" data-id=\"6d0978c\" data-element_type=\"widget\" data-e-type=\"widget\" data-widget_type=\"text-editor.default\">\n\t\t\t\t<div class=\"elementor-widget-container\">\n\t\t\t\t\t\t\t\t\t<p>Graduaci\u00f3n alcoh\u00f3lica 11,8%<br \/>Contiene 12 unidades de 500ml<\/p>\t\t\t\t\t\t\t\t<\/div>\n\t\t\t\t<\/div>\n\t\t\t\t<\/div>\n\t\t\t\t<\/div>\n\t\t\t\t<\/div>","protected":false},"excerpt":{"rendered":"<p>Vodka Leonoff Gradua\u00e7\u00e3o alco\u00f3lica 37,5%Cont\u00e9m 6 unid de 910mlVodka nacional Vodka Skarloff Gradua\u00e7\u00e3o alco\u00f3lica 38%Cont\u00e9m 6 unid de 965ml Skarloff Ice Gradua\u00e7\u00e3o alco\u00f3lica 5,5%Cont\u00e9m 6 unid de 275ml Cabar\u00e9 Ice Gradua\u00e7\u00e3o alco\u00f3lica 5%Cont\u00e9m 6 unid de 275ml Cacha\u00e7a 61\u200b Gradua\u00e7\u00e3o alco\u00f3lica 39%Cont\u00e9m 12 unid de 600ml Cacha\u00e7a Camelinho\u200b Gradua\u00e7\u00e3o alco\u00f3lica 39%Cont\u00e9m 12 unid de 500ml [&hellip;]<\/p>\n","protected":false},"author":1,"featured_media":0,"parent":0,"menu_order":0,"comment_status":"closed","ping_status":"closed","template":"","meta":{"_acf_changed":false,"footnotes":""},"class_list":["post-589","page","type-page","status-publish","hentry"],"acf":[],"_links":{"self":[{"href":"https:\/\/bebidasquinari.com.br\/es\/wp-json\/wp\/v2\/pages\/589","targetHints":{"allow":["GET"]}}],"collection":[{"href":"https:\/\/bebidasquinari.com.br\/es\/wp-json\/wp\/v2\/pages"}],"about":[{"href":"https:\/\/bebidasquinari.com.br\/es\/wp-json\/wp\/v2\/types\/page"}],"author":[{"embeddable":true,"href":"https:\/\/bebidasquinari.com.br\/es\/wp-json\/wp\/v2\/users\/1"}],"replies":[{"embeddable":true,"href":"https:\/\/bebidasquinari.com.br\/es\/wp-json\/wp\/v2\/comments?post=589"}],"version-history":[{"count":64,"href":"https:\/\/bebidasquinari.com.br\/es\/wp-json\/wp\/v2\/pages\/589\/revisions"}],"predecessor-version":[{"id":1047,"href":"https:\/\/bebidasquinari.com.br\/es\/wp-json\/wp\/v2\/pages\/589\/revisions\/1047"}],"wp:attachment":[{"href":"https:\/\/bebidasquinari.com.br\/es\/wp-json\/wp\/v2\/media?parent=589"}],"curies":[{"name":"wp","href":"https:\/\/api.w.org\/{rel}","templated":true}]}}