{"id":672,"date":"2025-01-24T13:10:30","date_gmt":"2025-01-24T13:10:30","guid":{"rendered":"https:\/\/quinari.wordpressprofissional.com.br\/?page_id=672"},"modified":"2025-01-24T20:14:06","modified_gmt":"2025-01-24T20:14:06","slug":"orientacoes-de-armazenamento","status":"publish","type":"page","link":"https:\/\/bebidasquinari.com.br\/es\/orientacoes-de-armazenamento\/","title":{"rendered":"ORIENTA\u00c7\u00d5ES DE ARMAZENAMENTO"},"content":{"rendered":"<div data-elementor-type=\"wp-page\" data-elementor-id=\"672\" class=\"elementor elementor-672\">\n\t\t\t\t<div class=\"elementor-element elementor-element-cad515a e-flex e-con-boxed e-con e-parent\" data-id=\"cad515a\" data-element_type=\"container\" data-e-type=\"container\" data-settings=\"{&quot;background_background&quot;:&quot;classic&quot;}\">\n\t\t\t\t\t<div class=\"e-con-inner\">\n\t\t\t\t<div class=\"elementor-element elementor-element-1b0ab13 elementor-widget elementor-widget-heading\" data-id=\"1b0ab13\" data-element_type=\"widget\" data-e-type=\"widget\" data-widget_type=\"heading.default\">\n\t\t\t\t<div class=\"elementor-widget-container\">\n\t\t\t\t\t<h2 class=\"elementor-heading-title elementor-size-default\">ORIENTACIONES PARA GARANTIZAR LA CALIDAD DEL PRODUCTO<\/h2>\t\t\t\t<\/div>\n\t\t\t\t<\/div>\n\t\t\t\t\t<\/div>\n\t\t\t\t<\/div>\n\t\t<div class=\"elementor-element elementor-element-be2ae5b e-flex e-con-boxed e-con e-parent\" data-id=\"be2ae5b\" data-element_type=\"container\" data-e-type=\"container\" data-settings=\"{&quot;background_background&quot;:&quot;classic&quot;}\">\n\t\t\t\t\t<div class=\"e-con-inner\">\n\t\t<div class=\"elementor-element elementor-element-958e1fd e-con-full e-flex e-con e-child\" data-id=\"958e1fd\" data-element_type=\"container\" data-e-type=\"container\">\n\t\t\t\t<div class=\"elementor-element elementor-element-0a7b8f7 elementor-widget elementor-widget-heading\" data-id=\"0a7b8f7\" data-element_type=\"widget\" data-e-type=\"widget\" data-widget_type=\"heading.default\">\n\t\t\t\t<div class=\"elementor-widget-container\">\n\t\t\t\t\t<h2 class=\"elementor-heading-title elementor-size-default\">EVITAR<\/h2>\t\t\t\t<\/div>\n\t\t\t\t<\/div>\n\t\t\t\t<div class=\"elementor-element elementor-element-a34669e elementor-position-left elementor-vertical-align-middle elementor-widget elementor-widget-image-box\" data-id=\"a34669e\" data-element_type=\"widget\" data-e-type=\"widget\" data-widget_type=\"image-box.default\">\n\t\t\t\t<div class=\"elementor-widget-container\">\n\t\t\t\t\t<div class=\"elementor-image-box-wrapper\"><figure class=\"elementor-image-box-img\"><img fetchpriority=\"high\" decoding=\"async\" width=\"406\" height=\"206\" src=\"https:\/\/bebidasquinari.com.br\/wp-content\/uploads\/2025\/01\/orientacoes-qualidade1.webp\" class=\"attachment-full size-full wp-image-715\" alt=\"\" srcset=\"https:\/\/bebidasquinari.com.br\/wp-content\/uploads\/2025\/01\/orientacoes-qualidade1.webp 406w, https:\/\/bebidasquinari.com.br\/wp-content\/uploads\/2025\/01\/orientacoes-qualidade1-300x152.webp 300w\" sizes=\"(max-width: 406px) 100vw, 406px\" \/><\/figure><div class=\"elementor-image-box-content\"><p class=\"elementor-image-box-description\">Que se coloque cerca de fuentes de calor, productos qu\u00edmicos, productos que emitan un olor fuerte o expuestos al sol;<\/p><\/div><\/div>\t\t\t\t<\/div>\n\t\t\t\t<\/div>\n\t\t\t\t<div class=\"elementor-element elementor-element-9422bce elementor-position-left elementor-vertical-align-middle elementor-widget elementor-widget-image-box\" data-id=\"9422bce\" data-element_type=\"widget\" data-e-type=\"widget\" data-widget_type=\"image-box.default\">\n\t\t\t\t<div class=\"elementor-widget-container\">\n\t\t\t\t\t<div class=\"elementor-image-box-wrapper\"><figure class=\"elementor-image-box-img\"><img decoding=\"async\" width=\"308\" height=\"292\" src=\"https:\/\/bebidasquinari.com.br\/wp-content\/uploads\/2025\/01\/orientacoes-qualidade2.webp\" class=\"attachment-full size-full wp-image-716\" alt=\"\" srcset=\"https:\/\/bebidasquinari.com.br\/wp-content\/uploads\/2025\/01\/orientacoes-qualidade2.webp 308w, https:\/\/bebidasquinari.com.br\/wp-content\/uploads\/2025\/01\/orientacoes-qualidade2-300x284.webp 300w\" sizes=\"(max-width: 308px) 100vw, 308px\" \/><\/figure><div class=\"elementor-image-box-content\"><p class=\"elementor-image-box-description\">Que se coloque un peso excesivo sobre los productos, esto puede generar una presi\u00f3n excesiva en la botella y, en consecuencia, da\u00f1ar el envase, causando fugas de gas o bebida;<\/p><\/div><\/div>\t\t\t\t<\/div>\n\t\t\t\t<\/div>\n\t\t\t\t<div class=\"elementor-element elementor-element-09c38d9 elementor-position-left elementor-vertical-align-middle elementor-widget elementor-widget-image-box\" data-id=\"09c38d9\" data-element_type=\"widget\" data-e-type=\"widget\" data-widget_type=\"image-box.default\">\n\t\t\t\t<div class=\"elementor-widget-container\">\n\t\t\t\t\t<div class=\"elementor-image-box-wrapper\"><figure class=\"elementor-image-box-img\"><img decoding=\"async\" width=\"308\" height=\"292\" src=\"https:\/\/bebidasquinari.com.br\/wp-content\/uploads\/2025\/01\/orientacoes-qualidade3.webp\" class=\"attachment-full size-full wp-image-717\" alt=\"\" srcset=\"https:\/\/bebidasquinari.com.br\/wp-content\/uploads\/2025\/01\/orientacoes-qualidade3.webp 308w, https:\/\/bebidasquinari.com.br\/wp-content\/uploads\/2025\/01\/orientacoes-qualidade3-300x284.webp 300w\" sizes=\"(max-width: 308px) 100vw, 308px\" \/><\/figure><div class=\"elementor-image-box-content\"><p class=\"elementor-image-box-description\">La congelaci\u00f3n del producto, esto puede alterar el sabor y la concentraci\u00f3n de gas de la bebida. En caso de que ocurra este tipo de problema, la regulaci\u00f3n de potencia del equipo de refrigeraci\u00f3n debe ser reducida;<\/p><\/div><\/div>\t\t\t\t<\/div>\n\t\t\t\t<\/div>\n\t\t\t\t<div class=\"elementor-element elementor-element-5e3ff1f elementor-position-left elementor-vertical-align-middle elementor-widget elementor-widget-image-box\" data-id=\"5e3ff1f\" data-element_type=\"widget\" data-e-type=\"widget\" data-widget_type=\"image-box.default\">\n\t\t\t\t<div class=\"elementor-widget-container\">\n\t\t\t\t\t<div class=\"elementor-image-box-wrapper\"><figure class=\"elementor-image-box-img\"><img loading=\"lazy\" decoding=\"async\" width=\"308\" height=\"292\" src=\"https:\/\/bebidasquinari.com.br\/wp-content\/uploads\/2025\/01\/orientacoes-qualidade4.webp\" class=\"attachment-full size-full wp-image-718\" alt=\"\" srcset=\"https:\/\/bebidasquinari.com.br\/wp-content\/uploads\/2025\/01\/orientacoes-qualidade4.webp 308w, https:\/\/bebidasquinari.com.br\/wp-content\/uploads\/2025\/01\/orientacoes-qualidade4-300x284.webp 300w\" sizes=\"(max-width: 308px) 100vw, 308px\" \/><\/figure><div class=\"elementor-image-box-content\"><p class=\"elementor-image-box-description\">Que se coloque el producto apoyado contra la pared, evitando as\u00ed el intercambio de calor;<\/p><\/div><\/div>\t\t\t\t<\/div>\n\t\t\t\t<\/div>\n\t\t\t\t<div class=\"elementor-element elementor-element-6347995 elementor-position-left elementor-vertical-align-middle elementor-widget elementor-widget-image-box\" data-id=\"6347995\" data-element_type=\"widget\" data-e-type=\"widget\" data-widget_type=\"image-box.default\">\n\t\t\t\t<div class=\"elementor-widget-container\">\n\t\t\t\t\t<div class=\"elementor-image-box-wrapper\"><figure class=\"elementor-image-box-img\"><img loading=\"lazy\" decoding=\"async\" width=\"308\" height=\"292\" src=\"https:\/\/bebidasquinari.com.br\/wp-content\/uploads\/2025\/01\/orientacoes-qualidade5.webp\" class=\"attachment-full size-full wp-image-719\" alt=\"\" srcset=\"https:\/\/bebidasquinari.com.br\/wp-content\/uploads\/2025\/01\/orientacoes-qualidade5.webp 308w, https:\/\/bebidasquinari.com.br\/wp-content\/uploads\/2025\/01\/orientacoes-qualidade5-300x284.webp 300w\" sizes=\"(max-width: 308px) 100vw, 308px\" \/><\/figure><div class=\"elementor-image-box-content\"><p class=\"elementor-image-box-description\">Impactos f\u00edsicos al producto, evitando la agitaci\u00f3n del gas y posibles da\u00f1os al envase.<\/p><\/div><\/div>\t\t\t\t<\/div>\n\t\t\t\t<\/div>\n\t\t\t\t<\/div>\n\t\t<div class=\"elementor-element elementor-element-c684ea8 e-con-full e-flex e-con e-child\" data-id=\"c684ea8\" data-element_type=\"container\" data-e-type=\"container\">\n\t\t\t\t<div class=\"elementor-element elementor-element-21aa0bd elementor-widget elementor-widget-heading\" data-id=\"21aa0bd\" data-element_type=\"widget\" data-e-type=\"widget\" data-widget_type=\"heading.default\">\n\t\t\t\t<div class=\"elementor-widget-container\">\n\t\t\t\t\t<h2 class=\"elementor-heading-title elementor-size-default\">GARANTIZAR<\/h2>\t\t\t\t<\/div>\n\t\t\t\t<\/div>\n\t\t\t\t<div class=\"elementor-element elementor-element-7964800 elementor-position-left elementor-vertical-align-middle elementor-widget elementor-widget-image-box\" data-id=\"7964800\" data-element_type=\"widget\" data-e-type=\"widget\" data-widget_type=\"image-box.default\">\n\t\t\t\t<div class=\"elementor-widget-container\">\n\t\t\t\t\t<div class=\"elementor-image-box-wrapper\"><figure class=\"elementor-image-box-img\"><img loading=\"lazy\" decoding=\"async\" width=\"308\" height=\"292\" src=\"https:\/\/bebidasquinari.com.br\/wp-content\/uploads\/2025\/01\/orientacoes-qualidade6.webp\" class=\"attachment-full size-full wp-image-720\" alt=\"\" srcset=\"https:\/\/bebidasquinari.com.br\/wp-content\/uploads\/2025\/01\/orientacoes-qualidade6.webp 308w, https:\/\/bebidasquinari.com.br\/wp-content\/uploads\/2025\/01\/orientacoes-qualidade6-300x284.webp 300w\" sizes=\"(max-width: 308px) 100vw, 308px\" \/><\/figure><div class=\"elementor-image-box-content\"><p class=\"elementor-image-box-description\">Que el producto no sea almacenado directamente en el suelo, evitando as\u00ed el contacto con el agua, productos utilizados en la limpieza del piso, fugas o cualquier otra fuente de contaminaci\u00f3n como heces o orina de animales;<\/p><\/div><\/div>\t\t\t\t<\/div>\n\t\t\t\t<\/div>\n\t\t\t\t<div class=\"elementor-element elementor-element-e427645 elementor-position-left elementor-vertical-align-middle elementor-widget elementor-widget-image-box\" data-id=\"e427645\" data-element_type=\"widget\" data-e-type=\"widget\" data-widget_type=\"image-box.default\">\n\t\t\t\t<div class=\"elementor-widget-container\">\n\t\t\t\t\t<div class=\"elementor-image-box-wrapper\"><figure class=\"elementor-image-box-img\"><img loading=\"lazy\" decoding=\"async\" width=\"308\" height=\"292\" src=\"https:\/\/bebidasquinari.com.br\/wp-content\/uploads\/2025\/01\/orientacoes-qualidade7.webp\" class=\"attachment-full size-full wp-image-721\" alt=\"\" srcset=\"https:\/\/bebidasquinari.com.br\/wp-content\/uploads\/2025\/01\/orientacoes-qualidade7.webp 308w, https:\/\/bebidasquinari.com.br\/wp-content\/uploads\/2025\/01\/orientacoes-qualidade7-300x284.webp 300w\" sizes=\"(max-width: 308px) 100vw, 308px\" \/><\/figure><div class=\"elementor-image-box-content\"><p class=\"elementor-image-box-description\">Que se observe la rotaci\u00f3n del producto, asegur\u00e1ndose de que el primer producto en entrar al inventario sea el primero en ser puesto a la venta;<\/p><\/div><\/div>\t\t\t\t<\/div>\n\t\t\t\t<\/div>\n\t\t\t\t<div class=\"elementor-element elementor-element-015dc79 elementor-position-left elementor-vertical-align-middle elementor-widget elementor-widget-image-box\" data-id=\"015dc79\" data-element_type=\"widget\" data-e-type=\"widget\" data-widget_type=\"image-box.default\">\n\t\t\t\t<div class=\"elementor-widget-container\">\n\t\t\t\t\t<div class=\"elementor-image-box-wrapper\"><figure class=\"elementor-image-box-img\"><img loading=\"lazy\" decoding=\"async\" width=\"405\" height=\"336\" src=\"https:\/\/bebidasquinari.com.br\/wp-content\/uploads\/2025\/01\/orientacoes-qualidade8.webp\" class=\"attachment-full size-full wp-image-722\" alt=\"\" srcset=\"https:\/\/bebidasquinari.com.br\/wp-content\/uploads\/2025\/01\/orientacoes-qualidade8.webp 405w, https:\/\/bebidasquinari.com.br\/wp-content\/uploads\/2025\/01\/orientacoes-qualidade8-300x249.webp 300w\" sizes=\"(max-width: 405px) 100vw, 405px\" \/><\/figure><div class=\"elementor-image-box-content\"><p class=\"elementor-image-box-description\">Que al reponer en lugares refrigerados, los productos fr\u00edos que ya estaban en el congelador se coloquen siempre al frente de los productos a temperatura ambiente, los cuales deben ser repuestos siempre en la parte trasera del congelador;<\/p><\/div><\/div>\t\t\t\t<\/div>\n\t\t\t\t<\/div>\n\t\t\t\t<div class=\"elementor-element elementor-element-1f04f23 elementor-position-left elementor-vertical-align-middle elementor-widget elementor-widget-image-box\" data-id=\"1f04f23\" data-element_type=\"widget\" data-e-type=\"widget\" data-widget_type=\"image-box.default\">\n\t\t\t\t<div class=\"elementor-widget-container\">\n\t\t\t\t\t<div class=\"elementor-image-box-wrapper\"><figure class=\"elementor-image-box-img\"><img loading=\"lazy\" decoding=\"async\" width=\"308\" height=\"292\" src=\"https:\/\/bebidasquinari.com.br\/wp-content\/uploads\/2025\/01\/orientacoes-qualidade9.webp\" class=\"attachment-full size-full wp-image-723\" alt=\"\" srcset=\"https:\/\/bebidasquinari.com.br\/wp-content\/uploads\/2025\/01\/orientacoes-qualidade9.webp 308w, https:\/\/bebidasquinari.com.br\/wp-content\/uploads\/2025\/01\/orientacoes-qualidade9-300x284.webp 300w\" sizes=\"(max-width: 308px) 100vw, 308px\" \/><\/figure><div class=\"elementor-image-box-content\"><p class=\"elementor-image-box-description\">Que en caso de identificar alg\u00fan producto con problema, \u00e9ste sea separado de los dem\u00e1s y se informe al vendedor para solicitar el cambio;<\/p><\/div><\/div>\t\t\t\t<\/div>\n\t\t\t\t<\/div>\n\t\t\t\t<div class=\"elementor-element elementor-element-b8214c6 elementor-position-left elementor-vertical-align-middle elementor-widget elementor-widget-image-box\" data-id=\"b8214c6\" data-element_type=\"widget\" data-e-type=\"widget\" data-widget_type=\"image-box.default\">\n\t\t\t\t<div class=\"elementor-widget-container\">\n\t\t\t\t\t<div class=\"elementor-image-box-wrapper\"><figure class=\"elementor-image-box-img\"><img loading=\"lazy\" decoding=\"async\" width=\"308\" height=\"292\" src=\"https:\/\/bebidasquinari.com.br\/wp-content\/uploads\/2025\/01\/orientacoes-qualidade10.webp\" class=\"attachment-full size-full wp-image-724\" alt=\"\" srcset=\"https:\/\/bebidasquinari.com.br\/wp-content\/uploads\/2025\/01\/orientacoes-qualidade10.webp 308w, https:\/\/bebidasquinari.com.br\/wp-content\/uploads\/2025\/01\/orientacoes-qualidade10-300x284.webp 300w\" sizes=\"(max-width: 308px) 100vw, 308px\" \/><\/figure><div class=\"elementor-image-box-content\"><p class=\"elementor-image-box-description\">Que en el almacenamiento en lugar refrigerado, el producto no se encuentre junto con productos de categor\u00eda diferente a bebidas (Ej: embutidos, carnes, pescados).<\/p><\/div><\/div>\t\t\t\t<\/div>\n\t\t\t\t<\/div>\n\t\t\t\t<\/div>\n\t\t\t\t\t<\/div>\n\t\t\t\t<\/div>\n\t\t\t\t<\/div>","protected":false},"excerpt":{"rendered":"<p>ORIENTA\u00c7\u00d5ES PARA GARANTIR A QUALIDADE DO PRODUTO EVITAR Que seja colocado pr\u00f3ximo a fontes de calor, produtos qu\u00edmicos, produtos que exalem forte odor ou exposto ao sol; Que seja colocado peso excessivo sobe os produtos, isto pode gerar press\u00e3o excessiva na garrafa e consequentemente danificar a embalagem, ocasionando vazamento de g\u00e1s ou bebida; O congelamento [&hellip;]<\/p>\n","protected":false},"author":1,"featured_media":0,"parent":0,"menu_order":0,"comment_status":"closed","ping_status":"closed","template":"","meta":{"_acf_changed":false,"footnotes":""},"class_list":["post-672","page","type-page","status-publish","hentry"],"acf":[],"_links":{"self":[{"href":"https:\/\/bebidasquinari.com.br\/es\/wp-json\/wp\/v2\/pages\/672","targetHints":{"allow":["GET"]}}],"collection":[{"href":"https:\/\/bebidasquinari.com.br\/es\/wp-json\/wp\/v2\/pages"}],"about":[{"href":"https:\/\/bebidasquinari.com.br\/es\/wp-json\/wp\/v2\/types\/page"}],"author":[{"embeddable":true,"href":"https:\/\/bebidasquinari.com.br\/es\/wp-json\/wp\/v2\/users\/1"}],"replies":[{"embeddable":true,"href":"https:\/\/bebidasquinari.com.br\/es\/wp-json\/wp\/v2\/comments?post=672"}],"version-history":[{"count":44,"href":"https:\/\/bebidasquinari.com.br\/es\/wp-json\/wp\/v2\/pages\/672\/revisions"}],"predecessor-version":[{"id":1007,"href":"https:\/\/bebidasquinari.com.br\/es\/wp-json\/wp\/v2\/pages\/672\/revisions\/1007"}],"wp:attachment":[{"href":"https:\/\/bebidasquinari.com.br\/es\/wp-json\/wp\/v2\/media?parent=672"}],"curies":[{"name":"wp","href":"https:\/\/api.w.org\/{rel}","templated":true}]}}